{"id":2376,"date":"2026-01-01T21:17:15","date_gmt":"2026-01-01T21:17:15","guid":{"rendered":"https:\/\/mutedra.com\/?page_id=2376"},"modified":"2026-01-01T21:25:33","modified_gmt":"2026-01-01T21:25:33","slug":"ne-soylemek-istersin","status":"publish","type":"page","link":"https:\/\/mutedra.com\/index.php\/ne-soylemek-istersin\/","title":{"rendered":""},"content":{"rendered":"\n<div class=\"wp-block-greenshift-blocks-container gspb_container gspb_container-gsbp-d45e4cd\" id=\"gspb_container-id-gsbp-d45e4cd\"><\/div>\n\n\n\n<h2 class=\"wp-block-heading\" id=\"ne-soylemek-istersin\">Ne s\u00f6ylemek istersin?<\/h2>\n\n\n<div class='fluentform ff-inherit-theme-style fluentform_wrapper_2  ff_guten_block ff_guten_block-2'><form data-form_id=\"2\" id=\"fluentform_2\" class=\"frm-fluent-form fluent_form_2 ff-el-form-top ff_form_instance_2_1 ff-form-loading ffs_inherit_theme\" data-form_instance=\"ff_form_instance_2_1\" method=\"POST\" ><fieldset  style=\"border: none!important;margin: 0!important;padding: 0!important;background-color: transparent!important;box-shadow: none!important;outline: none!important; min-inline-size: 100%;\">\n                    <legend class=\"ff_screen_reader_title\" style=\"display: block; margin: 0!important;padding: 0!important;height: 0!important;text-indent: -999999px;width: 0!important;overflow:hidden;\">Blank Form (#2)<\/legend><p style=\"display: none !important;\" class=\"akismet-fields-container\" data-prefix=\"ak_\"><label>&#916;<textarea name=\"ak_hp_textarea\" cols=\"45\" rows=\"8\" maxlength=\"100\"><\/textarea><\/label><input type=\"hidden\" id=\"ak_js_1\" name=\"ak_js\" value=\"220\"\/><script>document.getElementById( \"ak_js_1\" ).setAttribute( \"value\", ( new Date() ).getTime() );<\/script><\/p><input type='hidden' name='__fluent_form_embded_post_id' value='2376' \/><input type=\"hidden\" id=\"_fluentform_2_fluentformnonce\" name=\"_fluentform_2_fluentformnonce\" value=\"e293404646\" \/><input type=\"hidden\" name=\"_wp_http_referer\" value=\"\/index.php\/wp-json\/wp\/v2\/pages\/2376\" \/><div data-type=\"name-element\" data-name=\"names\" class=\" ff-field_container ff-name-field-wrapper\" ><div class='ff-t-container'><div class='ff-t-cell '><div class='ff-el-group ff-el-form-top'><div class=\"ff-el-input--label asterisk-right\"><label for='ff_2_names_first_name_' id='label_ff_2_names_first_name_' >\u0130sminiz<\/label><\/div><div class='ff-el-input--content'><input type=\"text\" name=\"names[first_name]\" id=\"ff_2_names_first_name_\" class=\"ff-el-form-control\" placeholder=\"\u0130sminizi giriniz.\" aria-invalid=\"false\" aria-required=false><\/div><\/div><\/div><div class='ff-t-cell '><div class='ff-el-group ff-el-form-top'><div class=\"ff-el-input--label asterisk-right\"><label for='ff_2_names_last_name_' id='label_ff_2_names_last_name_' >Soy isminiz<\/label><\/div><div class='ff-el-input--content'><input type=\"text\" name=\"names[last_name]\" id=\"ff_2_names_last_name_\" class=\"ff-el-form-control\" placeholder=\"Soy isminizi giriniz.\" aria-invalid=\"false\" aria-required=false><\/div><\/div><\/div><\/div><\/div><div class='ff-el-group'><div class=\"ff-el-input--label asterisk-right\"><label for='ff_2_email' id='label_ff_2_email' aria-label=\"E-Posta\">E-Posta<\/label><\/div><div class='ff-el-input--content'><input type=\"email\" name=\"email\" id=\"ff_2_email\" class=\"ff-el-form-control\" placeholder=\"Size cevap verebilecegimiz bir e-posta adresi b\u0131rak\u0131n\u0131z.\" data-name=\"email\"  aria-invalid=\"false\" aria-required=false><\/div><\/div><div class='ff-el-group'><div class=\"ff-el-input--label asterisk-right\"><label for='ff_2_description' id='label_ff_2_description' aria-label=\"Mesaj\u0131n\u0131z\">Mesaj\u0131n\u0131z<\/label><\/div><div class='ff-el-input--content'><textarea aria-required=\"false\" aria-labelledby=\"label_ff_2_description\" name=\"description\" id=\"ff_2_description\" class=\"ff-el-form-control\" placeholder=\"Kula\u011f\u0131m\u0131z sizde...\" rows=\"6\" cols=\"2\" data-name=\"description\" ><\/textarea><\/div><\/div><div class='ff-el-group ff-text-left ff_submit_btn_wrapper'><button type=\"submit\" class=\"ff-btn ff-btn-submit ff-btn-md ff_btn_no_style\"  aria-label=\"G\u00f6nder gitsin.\">G\u00f6nder gitsin.<\/button><\/div><\/fieldset><\/form><div id='fluentform_2_errors' class='ff-errors-in-stack ff_form_instance_2_1 ff-form-loading_errors ff_form_instance_2_1_errors'><\/div><\/div>            <script type=\"text\/javascript\">\n                window.fluent_form_ff_form_instance_2_1 = {\"id\":\"2\",\"settings\":{\"layout\":{\"labelPlacement\":\"top\",\"asteriskPlacement\":\"asterisk-right\",\"helpMessagePlacement\":\"with_label\",\"errorMessagePlacement\":\"inline\",\"cssClassName\":\"\"},\"restrictions\":{\"denyEmptySubmission\":{\"enabled\":false}}},\"form_instance\":\"ff_form_instance_2_1\",\"form_id_selector\":\"fluentform_2\",\"rules\":{\"names[first_name]\":{\"required\":{\"value\":false,\"message\":\"This field is required\",\"global_message\":\"This field is required\",\"global\":true}},\"names[middle_name]\":{\"required\":{\"value\":false,\"message\":\"This field is required\",\"global_message\":\"This field is required\",\"global\":true}},\"names[last_name]\":{\"required\":{\"value\":false,\"message\":\"This field is required\",\"global_message\":\"This field is required\",\"global\":true}},\"email\":{\"required\":{\"value\":false,\"message\":\"This field is required\",\"global_message\":\"This field is required\",\"global\":true},\"email\":{\"value\":true,\"message\":\"This field must contain a valid email\",\"global_message\":\"This field must contain a valid email\",\"global\":true}},\"description\":{\"required\":{\"value\":false,\"message\":\"This field is required\",\"global_message\":\"This field is required\",\"global\":true}}},\"debounce_time\":300};\n                            <\/script>\n            \n\n\n<p><\/p>\n","protected":false},"excerpt":{"rendered":"<p>Ne s\u00f6ylemek istersin?<\/p>\n","protected":false},"author":1,"featured_media":0,"parent":0,"menu_order":0,"comment_status":"closed","ping_status":"closed","template":"","meta":{"_gspb_post_css":".gspb_container-id-gsbp-d45e4cd{flex-direction:column;box-sizing:border-box}#gspb_container-id-gsbp-d45e4cd.gspb_container>p:last-of-type{margin-bottom:0}#gspb_container-id-gsbp-d45e4cd.gspb_container{position:relative;margin-top:30px;border-style:solid;border-width:1px;border-color:var(--wp--preset--color--border, #00000012)}#gspb_container-id-gsbp-d45e4cd.gspb_container,#gspb_container-id-gsbp-d45e4cd.gspb_container>.gspb_backgroundOverlay{border-top-left-radius:30px;border-top-right-radius:30px;border-bottom-right-radius:30px;border-bottom-left-radius:30px}","content-type":"","footnotes":""},"class_list":["post-2376","page","type-page","status-publish","hentry"],"blocksy_meta":[],"brizy_media":[],"_links":{"self":[{"href":"https:\/\/mutedra.com\/index.php\/wp-json\/wp\/v2\/pages\/2376","targetHints":{"allow":["GET"]}}],"collection":[{"href":"https:\/\/mutedra.com\/index.php\/wp-json\/wp\/v2\/pages"}],"about":[{"href":"https:\/\/mutedra.com\/index.php\/wp-json\/wp\/v2\/types\/page"}],"author":[{"embeddable":true,"href":"https:\/\/mutedra.com\/index.php\/wp-json\/wp\/v2\/users\/1"}],"replies":[{"embeddable":true,"href":"https:\/\/mutedra.com\/index.php\/wp-json\/wp\/v2\/comments?post=2376"}],"version-history":[{"count":3,"href":"https:\/\/mutedra.com\/index.php\/wp-json\/wp\/v2\/pages\/2376\/revisions"}],"predecessor-version":[{"id":2382,"href":"https:\/\/mutedra.com\/index.php\/wp-json\/wp\/v2\/pages\/2376\/revisions\/2382"}],"wp:attachment":[{"href":"https:\/\/mutedra.com\/index.php\/wp-json\/wp\/v2\/media?parent=2376"}],"curies":[{"name":"wp","href":"https:\/\/api.w.org\/{rel}","templated":true}]}}